{"id":24,"date":"2026-04-14T16:41:33","date_gmt":"2026-04-14T14:41:33","guid":{"rendered":"https:\/\/www.sotr-ix.de\/?page_id=24"},"modified":"2026-04-14T16:42:46","modified_gmt":"2026-04-14T14:42:46","slug":"sotrix-tr-content-services","status":"publish","type":"page","link":"https:\/\/www.sotr-ix.de\/?page_id=24&lang=de","title":{"rendered":"SOTRIX &#8211; TR Content Services"},"content":{"rendered":"\n<p>TR Content Services ist ein praxisorientiertes Team f\u00fcr Content, KI und Vertrieb. Wir unterst\u00fctzen kleine und mittelst\u00e4ndische Unternehmen der Industrie dabei, ihre Sichtbarkeit, Effizienz und Leadgenerierung durch die Kombination von kreativen Inhalten, KI-Tools und digitaler Vertriebsunterst\u00fctzung zu modernisieren.<\/p>\n\n\n\n<p><\/p>\n","protected":false},"excerpt":{"rendered":"<div class=\"entry-summary\">\nTR Content Services ist ein praxisorientiertes Team f\u00fcr Content, KI und Vertrieb.&hellip;\n<\/div>\n<div class=\"link-more\"><a href=\"https:\/\/www.sotr-ix.de\/?page_id=24&#038;lang=de\" class=\"more-link\">Continue reading<span class=\"screen-reader-text\"> &ldquo;SOTRIX &#8211; TR Content Services&rdquo;<\/span>&hellip;<\/a><\/div>\n","protected":false},"author":1,"featured_media":0,"parent":0,"menu_order":0,"comment_status":"closed","ping_status":"closed","template":"page-template\/_fullwidth.php","meta":{"footnotes":""},"class_list":["post-24","page","type-page","status-publish","hentry","entry"],"_links":{"self":[{"href":"https:\/\/www.sotr-ix.de\/index.php?rest_route=\/wp\/v2\/pages\/24","targetHints":{"allow":["GET"]}}],"collection":[{"href":"https:\/\/www.sotr-ix.de\/index.php?rest_route=\/wp\/v2\/pages"}],"about":[{"href":"https:\/\/www.sotr-ix.de\/index.php?rest_route=\/wp\/v2\/types\/page"}],"author":[{"embeddable":true,"href":"https:\/\/www.sotr-ix.de\/index.php?rest_route=\/wp\/v2\/users\/1"}],"replies":[{"embeddable":true,"href":"https:\/\/www.sotr-ix.de\/index.php?rest_route=%2Fwp%2Fv2%2Fcomments&post=24"}],"version-history":[{"count":1,"href":"https:\/\/www.sotr-ix.de\/index.php?rest_route=\/wp\/v2\/pages\/24\/revisions"}],"predecessor-version":[{"id":25,"href":"https:\/\/www.sotr-ix.de\/index.php?rest_route=\/wp\/v2\/pages\/24\/revisions\/25"}],"wp:attachment":[{"href":"https:\/\/www.sotr-ix.de\/index.php?rest_route=%2Fwp%2Fv2%2Fmedia&parent=24"}],"curies":[{"name":"wp","href":"https:\/\/api.w.org\/{rel}","templated":true}]}}